{"id":15480,"date":"2020-12-14T13:56:06","date_gmt":"2020-12-14T12:56:06","guid":{"rendered":"https:\/\/axsystem.preprod-14h28.com\/contact\/"},"modified":"2023-12-07T08:23:10","modified_gmt":"2023-12-07T07:23:10","slug":"contact","status":"publish","type":"page","link":"https:\/\/www.ax-group.com\/fr\/contact\/","title":{"rendered":"Contact"},"content":{"rendered":"\t\t<div data-elementor-type=\"wp-page\" data-elementor-id=\"15480\" class=\"elementor elementor-15480 elementor-9002\" data-elementor-post-type=\"page\">\n\t\t\t\t<div data-particle_enable=\"false\" data-particle-mobile-disabled=\"false\" class=\"elementor-element elementor-element-052a045 e-con-full e-flex e-con e-parent\" data-id=\"052a045\" data-element_type=\"container\" data-e-type=\"container\">\n\t\t<div data-particle_enable=\"false\" data-particle-mobile-disabled=\"false\" class=\"elementor-element elementor-element-58ee455 e-con-full elementor-hidden-mobile e-flex e-con e-child\" data-id=\"58ee455\" data-element_type=\"container\" data-e-type=\"container\">\n\t\t\t\t<\/div>\n\t\t<div data-particle_enable=\"false\" data-particle-mobile-disabled=\"false\" class=\"elementor-element elementor-element-afdafbe e-con-full e-flex e-con e-child\" data-id=\"afdafbe\" data-element_type=\"container\" data-e-type=\"container\">\n\t\t\t\t<div class=\"elementor-element elementor-element-157003c elementor-widget elementor-widget-hub_fancy_heading\" data-id=\"157003c\" data-element_type=\"widget\" data-e-type=\"widget\" data-widget_type=\"hub_fancy_heading.default\">\n\t\t\t\t<div class=\"elementor-widget-container\">\n\t\t\t\t\t\n\t\t<div id=\"ld-fancy-heading-69fb458282f8b\" class=\"ld-fancy-heading pos-rel\">\n\t\t\t<h1 class=\"ld-fh-element d-inline-block pos-rel  elementor-heading-title lqd-highlight-classic lqd-highlight-grow-left h1\"  > CONTACT<\/h1>\t\t<\/div>\n\n\t\t\t\t\t\t<\/div>\n\t\t\t\t<\/div>\n\t\t\t\t<div class=\"elementor-element elementor-element-74c63bd elementor-widget elementor-widget-heading\" data-id=\"74c63bd\" data-element_type=\"widget\" data-e-type=\"widget\" data-widget_type=\"heading.default\">\n\t\t\t\t<div class=\"elementor-widget-container\">\n\t\t\t\t\t<h2 class=\"elementor-heading-title elementor-size-default\">CONTACT<\/h2>\t\t\t\t<\/div>\n\t\t\t\t<\/div>\n\t\t\t\t<\/div>\n\t\t<div data-particle_enable=\"false\" data-particle-mobile-disabled=\"false\" class=\"elementor-element elementor-element-5cb3221 e-con-full e-flex e-con e-child\" data-id=\"5cb3221\" data-element_type=\"container\" data-e-type=\"container\">\n\t\t\t\t<div class=\"elementor-element elementor-element-19f99c0 elementor-hidden-desktop elementor-hidden-tablet elementor-widget elementor-widget-ld_fancy_image\" data-id=\"19f99c0\" data-element_type=\"widget\" data-e-type=\"widget\" data-widget_type=\"ld_fancy_image.default\">\n\t\t\t\t<div class=\"elementor-widget-container\">\n\t\t\t\t\t\n\t\t<div class=\"lqd-imggrp-single d-block pos-rel \">\n\t\t\t<div class=\"lqd-imggrp-img-container d-inline-flex pos-rel align-items-center justify-content-center \">\n\t\t\t\t\t\t\t\t<figure class=\"w-100 pos-rel\">\n\t\t\t\t\t<img fetchpriority=\"high\" decoding=\"async\" width=\"615\" height=\"566\" src=\"https:\/\/www.ax-group.com\/wp-content\/uploads\/2023\/12\/Groupe-1402.png\" class=\"attachment-full size-full wp-image-21985\" alt=\"\" srcset=\"https:\/\/www.ax-group.com\/wp-content\/uploads\/2023\/12\/Groupe-1402.png 615w, https:\/\/www.ax-group.com\/wp-content\/uploads\/2023\/12\/Groupe-1402-300x276.png 300w\" sizes=\"(max-width: 615px) 100vw, 615px\" itemprop=\"image\" \/>\t\t\t\t\t\t\t\t\t\t\t\t\t\t\t\t\t\t\t\t\t\t\t\t\t\t\t\t\t<\/figure>\n\t\t\t<\/div>\n\t\t<\/div>\n\n\t\t\t\t\t<\/div>\n\t\t\t\t<\/div>\n\t\t\t\t<div class=\"elementor-element elementor-element-f0ddbb4 elementor-absolute elementor-hidden-mobile elementor-widget elementor-widget-ld_fancy_image\" data-id=\"f0ddbb4\" data-element_type=\"widget\" data-e-type=\"widget\" data-settings=\"{&quot;_position&quot;:&quot;absolute&quot;}\" data-widget_type=\"ld_fancy_image.default\">\n\t\t\t\t<div class=\"elementor-widget-container\">\n\t\t\t\t\t\n\t\t<div class=\"lqd-imggrp-single d-block pos-rel \">\n\t\t\t<div class=\"lqd-imggrp-img-container d-inline-flex pos-rel align-items-center justify-content-center \">\n\t\t\t\t\t\t\t\t<figure class=\"w-100 pos-rel\">\n\t\t\t\t\t<img decoding=\"async\" width=\"615\" height=\"566\" src=\"data:image\/svg+xml;charset=utf-8,%3Csvg xmlns%3D&#039;http%3A%2F%2Fwww.w3.org%2F2000%2Fsvg&#039; viewBox%3D&#039;0 0 615 566&#039;%2F%3E\" class=\"attachment-full size-full wp-image-20062 ld-lazyload\" alt=\"\" itemprop=\"image\" data-src=\"https:\/\/www.ax-group.com\/wp-content\/uploads\/2023\/10\/Groupe-1400-1-1.png\" data-srcset=\"https:\/\/www.ax-group.com\/wp-content\/uploads\/2023\/10\/Groupe-1400-1-1.png 615w, https:\/\/www.ax-group.com\/wp-content\/uploads\/2023\/10\/Groupe-1400-1-1-300x276.png 300w\" data-sizes=\"(max-width: 615px) 100vw, 615px\" data-aspect=\"1.0865724381625\" \/>\t\t\t\t\t\t\t\t\t\t\t\t\t\t\t\t\t\t\t\t\t\t\t\t\t\t\t\t\t<\/figure>\n\t\t\t<\/div>\n\t\t<\/div>\n\n\t\t\t\t\t<\/div>\n\t\t\t\t<\/div>\n\t\t\t\t<\/div>\n\t\t\t\t<\/div>\n\t\t<div data-particle_enable=\"false\" data-particle-mobile-disabled=\"false\" class=\"elementor-element elementor-element-4d70de8 e-flex e-con-boxed e-con e-parent\" data-id=\"4d70de8\" data-element_type=\"container\" data-e-type=\"container\">\n\t\t\t\t\t<div class=\"e-con-inner\">\n\t\t\t\t<div class=\"elementor-element elementor-element-33a5387 elementor-widget elementor-widget-text-editor\" data-id=\"33a5387\" data-element_type=\"widget\" data-e-type=\"widget\" data-widget_type=\"text-editor.default\">\n\t\t\t\t<div class=\"elementor-widget-container\">\n\t\t\t\t\t\t\t\t\t<p>Pour plus d\u2019informations sur AX GROUP, des questions et des d\u00e9monstrations ou demander un devis, veuillez remplir le formulaire.<\/p>\t\t\t\t\t\t\t\t<\/div>\n\t\t\t\t<\/div>\n\t\t\t\t\t<\/div>\n\t\t\t\t<\/div>\n\t\t<div data-particle_enable=\"false\" data-particle-mobile-disabled=\"false\" class=\"elementor-element elementor-element-3b7c7b4 e-flex e-con-boxed e-con e-parent\" data-id=\"3b7c7b4\" data-element_type=\"container\" data-e-type=\"container\">\n\t\t\t\t\t<div class=\"e-con-inner\">\n\t\t<div data-particle_enable=\"false\" data-particle-mobile-disabled=\"false\" class=\"elementor-element elementor-element-5767b07 e-con-full e-flex e-con e-child\" data-id=\"5767b07\" data-element_type=\"container\" data-e-type=\"container\">\n\t\t\t\t<div class=\"elementor-element elementor-element-dddc2f6 eael-contact-form-7-button-align-left eael-contact-form-7-button-custom elementor-widget elementor-widget-eael-contact-form-7\" data-id=\"dddc2f6\" data-element_type=\"widget\" data-e-type=\"widget\" data-widget_type=\"eael-contact-form-7.default\">\n\t\t\t\t<div class=\"elementor-widget-container\">\n\t\t\t\t\t<div class=\"eael-contact-form-7-wrapper\">\n                <div class=\"eael-contact-form eael-contact-form-7 eael-contact-form-dddc2f6 placeholder-show eael-contact-form-align-left\">\n<div class=\"wpcf7 no-js\" id=\"wpcf7-f21636-o1\" lang=\"en-US\" dir=\"ltr\" data-wpcf7-id=\"21636\">\n<div class=\"screen-reader-response\"><p role=\"status\" aria-live=\"polite\" aria-atomic=\"true\"><\/p> <ul><\/ul><\/div>\n<form action=\"\/fr\/wp-json\/wp\/v2\/pages\/15480#wpcf7-f21636-o1\" method=\"post\" class=\"wpcf7-form init\" aria-label=\"Contact form\" novalidate=\"novalidate\" data-status=\"init\">\n<fieldset class=\"hidden-fields-container\"><input type=\"hidden\" name=\"_wpcf7\" value=\"21636\" \/><input type=\"hidden\" name=\"_wpcf7_version\" value=\"6.1.2\" \/><input type=\"hidden\" name=\"_wpcf7_locale\" value=\"en_US\" \/><input type=\"hidden\" name=\"_wpcf7_unit_tag\" value=\"wpcf7-f21636-o1\" \/><input type=\"hidden\" name=\"_wpcf7_container_post\" value=\"0\" \/><input type=\"hidden\" name=\"_wpcf7_posted_data_hash\" value=\"\" \/><input type=\"hidden\" name=\"_wpcf7_recaptcha_response\" value=\"\" \/>\n<\/fieldset>\n<p><label> Votre nom<br \/>\n<span class=\"wpcf7-form-control-wrap\" data-name=\"your-name\"><input size=\"40\" maxlength=\"400\" class=\"wpcf7-form-control wpcf7-text wpcf7-validates-as-required\" aria-required=\"true\" aria-invalid=\"false\" value=\"\" type=\"text\" name=\"your-name\" \/><\/span> <\/label>\n<\/p>\n<p><label> Votre entreprise<br \/>\n<span class=\"wpcf7-form-control-wrap\" data-name=\"your-conpant\"><input size=\"40\" maxlength=\"400\" class=\"wpcf7-form-control wpcf7-text wpcf7-validates-as-required\" aria-required=\"true\" aria-invalid=\"false\" value=\"\" type=\"text\" name=\"your-conpant\" \/><\/span> <\/label>\n<\/p>\n<p><label> Votre adresse e-mail<br \/>\n<span class=\"wpcf7-form-control-wrap\" data-name=\"your-email\"><input size=\"40\" maxlength=\"400\" class=\"wpcf7-form-control wpcf7-email wpcf7-validates-as-required wpcf7-text wpcf7-validates-as-email\" aria-required=\"true\" aria-invalid=\"false\" value=\"\" type=\"email\" name=\"your-email\" \/><\/span> <\/label>\n<\/p>\n<p><label> Votre num\u00e9ro de t\u00e9l\u00e9phone<br \/>\n<span class=\"wpcf7-form-control-wrap\" data-name=\"tel-8\"><input size=\"40\" maxlength=\"400\" class=\"wpcf7-form-control wpcf7-tel wpcf7-text wpcf7-validates-as-tel\" aria-invalid=\"false\" value=\"\" type=\"tel\" name=\"tel-8\" \/><\/span><\/label>\n<\/p>\n<p><label> Votre message<br \/>\n<span class=\"wpcf7-form-control-wrap\" data-name=\"your-message\"><textarea cols=\"40\" rows=\"10\" maxlength=\"2000\" class=\"wpcf7-form-control wpcf7-textarea wpcf7-validates-as-required\" aria-required=\"true\" aria-invalid=\"false\" name=\"your-message\"><\/textarea><\/span> <\/label>\n<\/p>\n<p><input class=\"wpcf7-form-control wpcf7-submit has-spinner\" type=\"submit\" value=\"Envoyer\" \/>\n<\/p><div class=\"wpcf7-response-output\" aria-hidden=\"true\"><\/div>\n<\/form>\n<\/div>\n<\/div>\n            <\/div>\t\t\t\t<\/div>\n\t\t\t\t<\/div>\n\t\t\t\t<\/div>\n\t\t<div data-particle_enable=\"false\" data-particle-mobile-disabled=\"false\" class=\"elementor-element elementor-element-5dc076e e-con-full e-flex e-con e-child\" data-id=\"5dc076e\" data-element_type=\"container\" data-e-type=\"container\">\n\t\t\t\t<div class=\"elementor-element elementor-element-0394792 elementor-widget elementor-widget-ld_fancy_image\" data-id=\"0394792\" data-element_type=\"widget\" data-e-type=\"widget\" data-widget_type=\"ld_fancy_image.default\">\n\t\t\t\t<div class=\"elementor-widget-container\">\n\t\t\t\t\t\n\t\t<div class=\"lqd-imggrp-single d-block pos-rel \">\n\t\t\t<div class=\"lqd-imggrp-img-container d-inline-flex pos-rel align-items-center justify-content-center \">\n\t\t\t\t\t\t\t\t<figure class=\"w-100 pos-rel\">\n\t\t\t\t\t<img decoding=\"async\" width=\"405\" height=\"474\" src=\"data:image\/svg+xml;charset=utf-8,%3Csvg xmlns%3D&#039;http%3A%2F%2Fwww.w3.org%2F2000%2Fsvg&#039; viewBox%3D&#039;0 0 405 474&#039;%2F%3E\" class=\"attachment-full size-full wp-image-22206 ld-lazyload\" alt=\"Contact AX GROUP\" itemprop=\"image\" data-src=\"https:\/\/www.ax-group.com\/wp-content\/uploads\/2023\/12\/contact-ax-group.jpg\" data-srcset=\"https:\/\/www.ax-group.com\/wp-content\/uploads\/2023\/12\/contact-ax-group.jpg 405w, https:\/\/www.ax-group.com\/wp-content\/uploads\/2023\/12\/contact-ax-group-256x300.jpg 256w\" data-sizes=\"(max-width: 405px) 100vw, 405px\" data-aspect=\"0.85443037974684\" \/>\t\t\t\t\t\t\t\t\t\t\t\t\t\t\t\t\t\t\t\t\t\t\t\t\t\t\t\t\t<\/figure>\n\t\t\t<\/div>\n\t\t<\/div>\n\n\t\t\t\t\t<\/div>\n\t\t\t\t<\/div>\n\t\t\t\t<\/div>\n\t\t\t\t\t<\/div>\n\t\t\t\t<\/div>\n\t\t\t\t<\/div>\n\t\t","protected":false},"excerpt":{"rendered":"<p>CONTACT CONTACT Pour plus d\u2019informations sur AX GROUP, des questions et des d\u00e9monstrations ou demander un devis, veuillez remplir le formulaire. Votre nom Votre entreprise Votre adresse e-mail Votre num\u00e9ro de t\u00e9l\u00e9phone Votre message<\/p>\n","protected":false},"author":7,"featured_media":0,"parent":0,"menu_order":0,"comment_status":"closed","ping_status":"closed","template":"","meta":{"footnotes":""},"class_list":["post-15480","page","type-page","status-publish","hentry"],"acf":[],"yoast_head":"<!-- This site is optimized with the Yoast SEO plugin v26.2 - https:\/\/yoast.com\/wordpress\/plugins\/seo\/ -->\n<title>Contact - AX GROUP for a request, a cotation, en offer<\/title>\n<meta name=\"description\" content=\"AX Group responds to your requests in a very short time for all your energy saving projects, AX Cleaner, Solar Robot, etc...\" \/>\n<meta name=\"robots\" content=\"index, follow, max-snippet:-1, max-image-preview:large, max-video-preview:-1\" \/>\n<link rel=\"canonical\" href=\"https:\/\/www.ax-group.com\/fr\/contact\/\" \/>\n<meta property=\"og:locale\" content=\"fr_FR\" \/>\n<meta property=\"og:type\" content=\"article\" \/>\n<meta property=\"og:title\" content=\"Contact - AX GROUP for a request, a cotation, en offer\" \/>\n<meta property=\"og:description\" content=\"AX Group responds to your requests in a very short time for all your energy saving projects, AX Cleaner, Solar Robot, etc...\" \/>\n<meta property=\"og:url\" content=\"https:\/\/www.ax-group.com\/fr\/contact\/\" \/>\n<meta property=\"og:site_name\" content=\"AX GROUP\" \/>\n<meta property=\"article:publisher\" content=\"https:\/\/www.facebook.com\/axgroupaxsystem\" \/>\n<meta property=\"article:modified_time\" content=\"2023-12-07T07:23:10+00:00\" \/>\n<meta property=\"og:image\" content=\"https:\/\/www.ax-group.com\/wp-content\/uploads\/2023\/12\/Groupe-1402.png\" \/>\n<meta name=\"twitter:card\" content=\"summary_large_image\" \/>\n<meta name=\"twitter:label1\" content=\"Dur\u00e9e de lecture estim\u00e9e\" \/>\n\t<meta name=\"twitter:data1\" content=\"1 minute\" \/>\n<script type=\"application\/ld+json\" class=\"yoast-schema-graph\">{\"@context\":\"https:\/\/schema.org\",\"@graph\":[{\"@type\":\"WebPage\",\"@id\":\"https:\/\/www.ax-group.com\/fr\/contact\/\",\"url\":\"https:\/\/www.ax-group.com\/fr\/contact\/\",\"name\":\"Contact - AX GROUP for a request, a cotation, en offer\",\"isPartOf\":{\"@id\":\"https:\/\/www.ax-group.com\/#website\"},\"primaryImageOfPage\":{\"@id\":\"https:\/\/www.ax-group.com\/fr\/contact\/#primaryimage\"},\"image\":{\"@id\":\"https:\/\/www.ax-group.com\/fr\/contact\/#primaryimage\"},\"thumbnailUrl\":\"https:\/\/www.ax-group.com\/wp-content\/uploads\/2023\/12\/Groupe-1402.png\",\"datePublished\":\"2020-12-14T12:56:06+00:00\",\"dateModified\":\"2023-12-07T07:23:10+00:00\",\"description\":\"AX Group responds to your requests in a very short time for all your energy saving projects, AX Cleaner, Solar Robot, etc...\",\"breadcrumb\":{\"@id\":\"https:\/\/www.ax-group.com\/fr\/contact\/#breadcrumb\"},\"inLanguage\":\"fr-FR\",\"potentialAction\":[{\"@type\":\"ReadAction\",\"target\":[\"https:\/\/www.ax-group.com\/fr\/contact\/\"]}]},{\"@type\":\"ImageObject\",\"inLanguage\":\"fr-FR\",\"@id\":\"https:\/\/www.ax-group.com\/fr\/contact\/#primaryimage\",\"url\":\"https:\/\/www.ax-group.com\/wp-content\/uploads\/2023\/12\/Groupe-1402.png\",\"contentUrl\":\"https:\/\/www.ax-group.com\/wp-content\/uploads\/2023\/12\/Groupe-1402.png\"},{\"@type\":\"BreadcrumbList\",\"@id\":\"https:\/\/www.ax-group.com\/fr\/contact\/#breadcrumb\",\"itemListElement\":[{\"@type\":\"ListItem\",\"position\":1,\"name\":\"Accueil\",\"item\":\"https:\/\/www.ax-group.com\/fr\/\"},{\"@type\":\"ListItem\",\"position\":2,\"name\":\"Contact\"}]},{\"@type\":\"WebSite\",\"@id\":\"https:\/\/www.ax-group.com\/#website\",\"url\":\"https:\/\/www.ax-group.com\/\",\"name\":\"AX GROUP\",\"description\":\"AX GROUP : AX System, AX Solar Robot, Pegase Energies\",\"publisher\":{\"@id\":\"https:\/\/www.ax-group.com\/#organization\"},\"alternateName\":\"AX Group the green factory in Bailleul (France)\",\"potentialAction\":[{\"@type\":\"SearchAction\",\"target\":{\"@type\":\"EntryPoint\",\"urlTemplate\":\"https:\/\/www.ax-group.com\/?s={search_term_string}\"},\"query-input\":{\"@type\":\"PropertyValueSpecification\",\"valueRequired\":true,\"valueName\":\"search_term_string\"}}],\"inLanguage\":\"fr-FR\"},{\"@type\":\"Organization\",\"@id\":\"https:\/\/www.ax-group.com\/#organization\",\"name\":\"AX GROUP, we fight against energy waste\",\"url\":\"https:\/\/www.ax-group.com\/\",\"logo\":{\"@type\":\"ImageObject\",\"inLanguage\":\"fr-FR\",\"@id\":\"https:\/\/www.ax-group.com\/#\/schema\/logo\/image\/\",\"url\":\"https:\/\/www.ax-group.com\/wp-content\/uploads\/2021\/11\/ax-groupe.png\",\"contentUrl\":\"https:\/\/www.ax-group.com\/wp-content\/uploads\/2021\/11\/ax-groupe.png\",\"width\":252,\"height\":81,\"caption\":\"AX GROUP, we fight against energy waste\"},\"image\":{\"@id\":\"https:\/\/www.ax-group.com\/#\/schema\/logo\/image\/\"},\"sameAs\":[\"https:\/\/www.facebook.com\/axgroupaxsystem\",\"https:\/\/www.linkedin.com\/company\/axgroupfrance\",\"https:\/\/www.youtube.com\/@ax-group\"]}]}<\/script>\n<!-- \/ Yoast SEO plugin. -->","yoast_head_json":{"title":"Contact - AX GROUP for a request, a cotation, en offer","description":"AX Group responds to your requests in a very short time for all your energy saving projects, AX Cleaner, Solar Robot, etc...","robots":{"index":"index","follow":"follow","max-snippet":"max-snippet:-1","max-image-preview":"max-image-preview:large","max-video-preview":"max-video-preview:-1"},"canonical":"https:\/\/www.ax-group.com\/fr\/contact\/","og_locale":"fr_FR","og_type":"article","og_title":"Contact - AX GROUP for a request, a cotation, en offer","og_description":"AX Group responds to your requests in a very short time for all your energy saving projects, AX Cleaner, Solar Robot, etc...","og_url":"https:\/\/www.ax-group.com\/fr\/contact\/","og_site_name":"AX GROUP","article_publisher":"https:\/\/www.facebook.com\/axgroupaxsystem","article_modified_time":"2023-12-07T07:23:10+00:00","og_image":[{"url":"https:\/\/www.ax-group.com\/wp-content\/uploads\/2023\/12\/Groupe-1402.png","type":"","width":"","height":""}],"twitter_card":"summary_large_image","twitter_misc":{"Dur\u00e9e de lecture estim\u00e9e":"1 minute"},"schema":{"@context":"https:\/\/schema.org","@graph":[{"@type":"WebPage","@id":"https:\/\/www.ax-group.com\/fr\/contact\/","url":"https:\/\/www.ax-group.com\/fr\/contact\/","name":"Contact - AX GROUP for a request, a cotation, en offer","isPartOf":{"@id":"https:\/\/www.ax-group.com\/#website"},"primaryImageOfPage":{"@id":"https:\/\/www.ax-group.com\/fr\/contact\/#primaryimage"},"image":{"@id":"https:\/\/www.ax-group.com\/fr\/contact\/#primaryimage"},"thumbnailUrl":"https:\/\/www.ax-group.com\/wp-content\/uploads\/2023\/12\/Groupe-1402.png","datePublished":"2020-12-14T12:56:06+00:00","dateModified":"2023-12-07T07:23:10+00:00","description":"AX Group responds to your requests in a very short time for all your energy saving projects, AX Cleaner, Solar Robot, etc...","breadcrumb":{"@id":"https:\/\/www.ax-group.com\/fr\/contact\/#breadcrumb"},"inLanguage":"fr-FR","potentialAction":[{"@type":"ReadAction","target":["https:\/\/www.ax-group.com\/fr\/contact\/"]}]},{"@type":"ImageObject","inLanguage":"fr-FR","@id":"https:\/\/www.ax-group.com\/fr\/contact\/#primaryimage","url":"https:\/\/www.ax-group.com\/wp-content\/uploads\/2023\/12\/Groupe-1402.png","contentUrl":"https:\/\/www.ax-group.com\/wp-content\/uploads\/2023\/12\/Groupe-1402.png"},{"@type":"BreadcrumbList","@id":"https:\/\/www.ax-group.com\/fr\/contact\/#breadcrumb","itemListElement":[{"@type":"ListItem","position":1,"name":"Accueil","item":"https:\/\/www.ax-group.com\/fr\/"},{"@type":"ListItem","position":2,"name":"Contact"}]},{"@type":"WebSite","@id":"https:\/\/www.ax-group.com\/#website","url":"https:\/\/www.ax-group.com\/","name":"AX GROUP","description":"AX GROUP : AX System, AX Solar Robot, Pegase Energies","publisher":{"@id":"https:\/\/www.ax-group.com\/#organization"},"alternateName":"AX Group the green factory in Bailleul (France)","potentialAction":[{"@type":"SearchAction","target":{"@type":"EntryPoint","urlTemplate":"https:\/\/www.ax-group.com\/?s={search_term_string}"},"query-input":{"@type":"PropertyValueSpecification","valueRequired":true,"valueName":"search_term_string"}}],"inLanguage":"fr-FR"},{"@type":"Organization","@id":"https:\/\/www.ax-group.com\/#organization","name":"AX GROUP, we fight against energy waste","url":"https:\/\/www.ax-group.com\/","logo":{"@type":"ImageObject","inLanguage":"fr-FR","@id":"https:\/\/www.ax-group.com\/#\/schema\/logo\/image\/","url":"https:\/\/www.ax-group.com\/wp-content\/uploads\/2021\/11\/ax-groupe.png","contentUrl":"https:\/\/www.ax-group.com\/wp-content\/uploads\/2021\/11\/ax-groupe.png","width":252,"height":81,"caption":"AX GROUP, we fight against energy waste"},"image":{"@id":"https:\/\/www.ax-group.com\/#\/schema\/logo\/image\/"},"sameAs":["https:\/\/www.facebook.com\/axgroupaxsystem","https:\/\/www.linkedin.com\/company\/axgroupfrance","https:\/\/www.youtube.com\/@ax-group"]}]}},"_links":{"self":[{"href":"https:\/\/www.ax-group.com\/fr\/wp-json\/wp\/v2\/pages\/15480","targetHints":{"allow":["GET"]}}],"collection":[{"href":"https:\/\/www.ax-group.com\/fr\/wp-json\/wp\/v2\/pages"}],"about":[{"href":"https:\/\/www.ax-group.com\/fr\/wp-json\/wp\/v2\/types\/page"}],"author":[{"embeddable":true,"href":"https:\/\/www.ax-group.com\/fr\/wp-json\/wp\/v2\/users\/7"}],"replies":[{"embeddable":true,"href":"https:\/\/www.ax-group.com\/fr\/wp-json\/wp\/v2\/comments?post=15480"}],"version-history":[{"count":26,"href":"https:\/\/www.ax-group.com\/fr\/wp-json\/wp\/v2\/pages\/15480\/revisions"}],"predecessor-version":[{"id":22220,"href":"https:\/\/www.ax-group.com\/fr\/wp-json\/wp\/v2\/pages\/15480\/revisions\/22220"}],"wp:attachment":[{"href":"https:\/\/www.ax-group.com\/fr\/wp-json\/wp\/v2\/media?parent=15480"}],"curies":[{"name":"wp","href":"https:\/\/api.w.org\/{rel}","templated":true}]}}